{"id":143,"date":"2020-02-24T13:08:57","date_gmt":"2020-02-24T13:08:57","guid":{"rendered":"https:\/\/demosites.io\/zelle-gb\/?page_id=143"},"modified":"2024-01-10T01:15:52","modified_gmt":"2024-01-10T00:15:52","slug":"0227d-home","status":"publish","type":"page","link":"https:\/\/psychische-energie.de\/","title":{"rendered":"Home"},"content":{"rendered":"\n<div id=\"wp-block-themeisle-blocks-advanced-columns-d26b6b4e\" class=\"wp-block-themeisle-blocks-advanced-columns alignfull has-1-columns has-desktop-equal-layout has-tablet-equal-layout has-mobile-equal-layout has-vertical-center\"><div class=\"wp-block-themeisle-blocks-advanced-columns-overlay\"><\/div><div class=\"innerblocks-wrap\">\n<div id=\"wp-block-themeisle-blocks-advanced-column-bc8f6b49\" class=\"wp-block-themeisle-blocks-advanced-column\">\n<h3 class=\"wp-block-heading has-text-align-center has-nv-site-bg-color has-text-color\">Svenja Junge<\/h3>\n\n\n\n<p><\/p>\n\n\n\n<h1 class=\"wp-block-heading has-text-align-center has-nv-site-bg-color has-text-color\">Body Code\u2122<\/h1>\n\n\n\n<p><\/p>\n\n\n\n<h1 class=\"wp-block-heading has-text-align-center has-nv-site-bg-color has-text-color\">Emotionscode\u00ae<\/h1>\n\n\n\n<h1 class=\"wp-block-heading has-text-align-center has-nv-site-bg-color has-text-color\">PSYCH-K\u00ae<\/h1>\n\n\n\n<div style=\"height:20px\" aria-hidden=\"true\" class=\"wp-block-spacer\"><\/div>\n<\/div>\n<\/div><\/div>\n\n\n\n<div id=\"focus\" class=\"wp-block-themeisle-blocks-advanced-columns alignfull has-1-columns has-desktop-equal-layout has-tablet-equal-layout has-mobile-equal-layout has-vertical-unset\"><div class=\"wp-block-themeisle-blocks-advanced-columns-overlay\"><\/div><div class=\"innerblocks-wrap\">\n<div id=\"wp-block-themeisle-blocks-advanced-column-b3c846e4\" class=\"wp-block-themeisle-blocks-advanced-column\">\n<h2 class=\"wp-block-heading has-text-align-center\">Ein neues Betriebssystem f\u00fcr Ihr Leben<\/h2>\n\n\n\n<p class=\"has-text-align-center\">Sie brauchen einen Paradigmenwechsel in Ihrem Leben? Oder Sie haben eine gesundheitliche Herausforderung? Mit den Methoden Body Code, Emotionscode und PSYCH-K kann ich Sie darin unterst\u00fctzen alte \u00c4ngste und Blockaden zu \u00fcberwinden. <\/p>\n<\/div>\n<\/div><\/div>\n\n\n\n<div id=\"se\" class=\"wp-block-themeisle-blocks-advanced-columns alignfull has-3-columns has-desktop-equal-layout has-tablet-equal-layout has-mobile-collapsedRows-layout has-vertical-unset\"><div class=\"wp-block-themeisle-blocks-advanced-columns-overlay\"><\/div><div class=\"innerblocks-wrap\">\n<div id=\"wp-block-themeisle-blocks-advanced-column-71484aac\" class=\"wp-block-themeisle-blocks-advanced-column\"><div class=\"wp-block-image\">\n<figure class=\"aligncenter size-full\"><a href=\"https:\/\/psychische-energie.de\/?page_id=251\"><img loading=\"lazy\" decoding=\"async\" width=\"112\" height=\"110\" src=\"https:\/\/psychische-energie.de\/wp-content\/uploads\/2023\/03\/GingkoPhase110.png\" alt=\"\" class=\"wp-image-231\"\/><\/a><\/figure>\n<\/div>\n\n\n<h5 id=\"wp-block-themeisle-blocks-advanced-heading-e50a9371\" class=\"wp-block-themeisle-blocks-advanced-heading wp-block-themeisle-blocks-advanced-heading-e50a9371\">Body Code\u2122 Anwendungen<\/h5>\n\n\n\n<p class=\"has-text-align-center\">Sie m\u00f6chten ihren k\u00f6rperlichen Symptomen &#8222;auf den Zahn f\u00fchlen&#8220;? Mit Hilfe des Body Codes kann ich Ihnen helfen, die energetischen Ursachen f\u00fcr Ihr Leiden ausfindig zu machen und zu l\u00f6sen.<\/p>\n<\/div>\n\n\n\n<div id=\"wp-block-themeisle-blocks-advanced-column-a0079089\" class=\"wp-block-themeisle-blocks-advanced-column\">\n<div id=\"wp-block-themeisle-blocks-font-awesome-icons-4f8c9b64\" class=\"wp-block-themeisle-blocks-font-awesome-icons\"><span class=\"wp-block-themeisle-blocks-font-awesome-icons-container\"><a href=\"https:\/\/psychische-energie.de\/?page_id=266\" target=\"_self\" rel=\"noopener noreferrer\"><i class=\"fas fa-heart-broken\"><\/i><\/a><\/span><\/div>\n\n\n\n<h5 id=\"wp-block-themeisle-blocks-advanced-heading-7964a169\" class=\"wp-block-themeisle-blocks-advanced-heading wp-block-themeisle-blocks-advanced-heading-7964a169\">Emotionscode\u00ae Anwendungen<\/h5>\n\n\n\n<p class=\"has-text-align-center has-small-font-size\">Der Volksmund wei\u00df, dass sich Emotionen auch k\u00f6rperlich ausdr\u00fccken k\u00f6nnen: &#8222;Etwas geht mir an die Nieren&#8220;, &#8222;Das tut mir im Herzen weh&#8220;, &#8222;Das macht mir Kopfschmerzen&#8220;.<\/p>\n<\/div>\n\n\n\n<div id=\"wp-block-themeisle-blocks-advanced-column-3ad7ac1c\" class=\"wp-block-themeisle-blocks-advanced-column\"><div class=\"wp-block-image\">\n<figure class=\"aligncenter size-full\"><a href=\"https:\/\/psychische-energie.de\/?page_id=259\"><img loading=\"lazy\" decoding=\"async\" width=\"129\" height=\"110\" src=\"https:\/\/psychische-energie.de\/wp-content\/uploads\/2023\/03\/VochelFreiTeal110.png\" alt=\"\" class=\"wp-image-230\"\/><\/a><\/figure>\n<\/div>\n\n\n<h5 id=\"wp-block-themeisle-blocks-advanced-heading-68f9f4b6\" class=\"wp-block-themeisle-blocks-advanced-heading wp-block-themeisle-blocks-advanced-heading-68f9f4b6\">PSYCH-K\u00ae Begleitung<\/h5>\n\n\n\n<p class=\"has-text-align-center has-link-color-color has-text-color\" style=\"font-size:14px\">L\u00e4uft dein Leben so wie du es dir w\u00fcnscht, oder gibt es Bereiche, die du verbessern m\u00f6chtest? PSYCH-K ist eine Methode mit der du in kurzer Zeit nachhaltige Ver\u00e4nderungen in dein Leben bringen kannst.<br><\/p>\n<\/div>\n<\/div><\/div>\n\n\n\n<div id=\"swr\" class=\"wp-block-themeisle-blocks-advanced-columns alignfull has-3-columns has-desktop-equal-layout has-tablet-collapsedRows-layout has-mobile-collapsedRows-layout has-vertical-unset\"><div class=\"wp-block-themeisle-blocks-advanced-columns-overlay\"><\/div><div class=\"innerblocks-wrap\">\n<div id=\"wp-block-themeisle-blocks-advanced-column-f5da1e50\" class=\"wp-block-themeisle-blocks-advanced-column\">\n<div style=\"height:60px\" aria-hidden=\"true\" class=\"wp-block-spacer\"><\/div>\n\n\n\n<h3 id=\"wp-block-themeisle-blocks-advanced-heading-e0a4cde3\" class=\"wp-block-themeisle-blocks-advanced-heading wp-block-themeisle-blocks-advanced-heading-e0a4cde3\"> \u00dcber Mich<\/h3>\n<\/div>\n\n\n\n<div id=\"wp-block-themeisle-blocks-advanced-column-86ed024e\" class=\"wp-block-themeisle-blocks-advanced-column\">\n<div style=\"height:0px\" aria-hidden=\"true\" class=\"wp-block-spacer\"><\/div>\n\n\n\n<h2 id=\"wp-block-themeisle-blocks-advanced-heading-ddac1e75\" class=\"wp-block-themeisle-blocks-advanced-heading wp-block-themeisle-blocks-advanced-heading-ddac1e75\">Svenja Junge<\/h2>\n\n\n\n<p>Japanologin MA<\/p>\n\n\n\n<p>Zertifizierte Body Code Anwenderin<br>Zertifizierte Emotionscode Anwenderin<br>Zertifizierte PSYCH-K Begleiterin<\/p>\n<\/div>\n\n\n\n<div id=\"wp-block-themeisle-blocks-advanced-column-b513a605\" class=\"wp-block-themeisle-blocks-advanced-column\">\n<div style=\"height:21px\" aria-hidden=\"true\" class=\"wp-block-spacer\"><\/div>\n\n\n<div class=\"wp-block-image is-style-rounded\">\n<figure class=\"aligncenter size-full\"><img loading=\"lazy\" decoding=\"async\" width=\"300\" height=\"200\" src=\"https:\/\/psychische-energie.de\/wp-content\/uploads\/2023\/03\/BewerbungSW.png\" alt=\"\" class=\"wp-image-245\"\/><\/figure>\n<\/div><\/div>\n<\/div><\/div>\n\n\n\n<div id=\"wp-block-themeisle-blocks-advanced-columns-36420cd7\" class=\"wp-block-themeisle-blocks-advanced-columns has-1-columns has-desktop-equal-layout has-tablet-equal-layout has-mobile-equal-layout has-vertical-unset\"><div class=\"wp-block-themeisle-blocks-advanced-columns-overlay\"><\/div><div class=\"innerblocks-wrap\">\n<div id=\"wp-block-themeisle-blocks-advanced-column-ebf1081d\" class=\"wp-block-themeisle-blocks-advanced-column\">\n<h2 class=\"wp-block-heading\"> Kontakt<\/h2>\n\n\n\n<p>Telefon: 040 20956386<br>E-Mail:<\/p>\n\n\n\n<figure class=\"wp-block-image size-full is-resized is-style-rounded\"><img loading=\"lazy\" decoding=\"async\" width=\"688\" height=\"177\" src=\"https:\/\/psychische-energie.de\/wp-content\/uploads\/2023\/04\/ATWeb.png\" alt=\"\" class=\"wp-image-289\" style=\"width:344px;height:89px\" srcset=\"https:\/\/psychische-energie.de\/wp-content\/uploads\/2023\/04\/ATWeb.png 688w, https:\/\/psychische-energie.de\/wp-content\/uploads\/2023\/04\/ATWeb-300x77.png 300w\" sizes=\"auto, (max-width: 688px) 100vw, 688px\" \/><\/figure>\n<\/div>\n<\/div><\/div>\n","protected":false},"excerpt":{"rendered":"","protected":false},"author":1,"featured_media":0,"parent":0,"menu_order":0,"comment_status":"closed","ping_status":"closed","template":"page-templates\/template-pagebuilder-full-width.php","meta":{"neve_meta_sidebar":"full-width","neve_meta_container":"contained","neve_meta_enable_content_width":"on","neve_meta_content_width":100,"neve_meta_title_alignment":"","neve_meta_author_avatar":"","neve_post_elements_order":"","neve_meta_disable_header":"","neve_meta_disable_footer":"","neve_meta_disable_title":"","neve_meta_reading_time":"","_themeisle_gutenberg_block_has_review":false,"_ti_tpc_template_sync":false,"_ti_tpc_template_id":"x28mc18g9c7mr98x4tbe","footnotes":""},"class_list":["post-143","page","type-page","status-publish","hentry"],"_links":{"self":[{"href":"https:\/\/psychische-energie.de\/index.php?rest_route=\/wp\/v2\/pages\/143","targetHints":{"allow":["GET"]}}],"collection":[{"href":"https:\/\/psychische-energie.de\/index.php?rest_route=\/wp\/v2\/pages"}],"about":[{"href":"https:\/\/psychische-energie.de\/index.php?rest_route=\/wp\/v2\/types\/page"}],"author":[{"embeddable":true,"href":"https:\/\/psychische-energie.de\/index.php?rest_route=\/wp\/v2\/users\/1"}],"replies":[{"embeddable":true,"href":"https:\/\/psychische-energie.de\/index.php?rest_route=%2Fwp%2Fv2%2Fcomments&post=143"}],"version-history":[{"count":52,"href":"https:\/\/psychische-energie.de\/index.php?rest_route=\/wp\/v2\/pages\/143\/revisions"}],"predecessor-version":[{"id":338,"href":"https:\/\/psychische-energie.de\/index.php?rest_route=\/wp\/v2\/pages\/143\/revisions\/338"}],"wp:attachment":[{"href":"https:\/\/psychische-energie.de\/index.php?rest_route=%2Fwp%2Fv2%2Fmedia&parent=143"}],"curies":[{"name":"wp","href":"https:\/\/api.w.org\/{rel}","templated":true}]}}