{"id":251,"date":"2023-03-23T23:19:18","date_gmt":"2023-03-23T22:19:18","guid":{"rendered":"https:\/\/psychische-energie.de\/?page_id=251"},"modified":"2024-01-10T01:12:56","modified_gmt":"2024-01-10T00:12:56","slug":"veraenderungs-coach","status":"publish","type":"page","link":"https:\/\/psychische-energie.de\/?page_id=251","title":{"rendered":"Body Code-Anwendungen"},"content":{"rendered":"\n<p>Sie m\u00f6chten ihren k\u00f6rperlichen Symptomen &#8222;auf den Zahn f\u00fchlen&#8220;? Mit Hilfe des Body Codes kann ich Ihnen helfen, die energetischen Ursachen f\u00fcr Ihr Leiden ausfindig zu machen und zu l\u00f6sen.<\/p>\n","protected":false},"excerpt":{"rendered":"<p>Sie m\u00f6chten ihren k\u00f6rperlichen Symptomen &#8222;auf den Zahn f\u00fchlen&#8220;? Mit Hilfe des Body Codes kann ich Ihnen helfen, die energetischen Ursachen f\u00fcr Ihr Leiden ausfindig zu machen und zu l\u00f6sen.<\/p>\n","protected":false},"author":1,"featured_media":0,"parent":0,"menu_order":0,"comment_status":"closed","ping_status":"closed","template":"","meta":{"neve_meta_sidebar":"","neve_meta_container":"","neve_meta_enable_content_width":"","neve_meta_content_width":0,"neve_meta_title_alignment":"","neve_meta_author_avatar":"","neve_post_elements_order":"","neve_meta_disable_header":"","neve_meta_disable_footer":"","neve_meta_disable_title":"","neve_meta_reading_time":"","_themeisle_gutenberg_block_has_review":false,"_ti_tpc_template_sync":false,"_ti_tpc_template_id":"","footnotes":""},"class_list":["post-251","page","type-page","status-publish","hentry"],"_links":{"self":[{"href":"https:\/\/psychische-energie.de\/index.php?rest_route=\/wp\/v2\/pages\/251","targetHints":{"allow":["GET"]}}],"collection":[{"href":"https:\/\/psychische-energie.de\/index.php?rest_route=\/wp\/v2\/pages"}],"about":[{"href":"https:\/\/psychische-energie.de\/index.php?rest_route=\/wp\/v2\/types\/page"}],"author":[{"embeddable":true,"href":"https:\/\/psychische-energie.de\/index.php?rest_route=\/wp\/v2\/users\/1"}],"replies":[{"embeddable":true,"href":"https:\/\/psychische-energie.de\/index.php?rest_route=%2Fwp%2Fv2%2Fcomments&post=251"}],"version-history":[{"count":3,"href":"https:\/\/psychische-energie.de\/index.php?rest_route=\/wp\/v2\/pages\/251\/revisions"}],"predecessor-version":[{"id":337,"href":"https:\/\/psychische-energie.de\/index.php?rest_route=\/wp\/v2\/pages\/251\/revisions\/337"}],"wp:attachment":[{"href":"https:\/\/psychische-energie.de\/index.php?rest_route=%2Fwp%2Fv2%2Fmedia&parent=251"}],"curies":[{"name":"wp","href":"https:\/\/api.w.org\/{rel}","templated":true}]}}