{"id":266,"date":"2023-03-23T23:18:36","date_gmt":"2023-03-23T22:18:36","guid":{"rendered":"https:\/\/psychische-energie.de\/?page_id=266"},"modified":"2023-09-14T00:09:23","modified_gmt":"2023-09-13T22:09:23","slug":"emotionscode","status":"publish","type":"page","link":"https:\/\/psychische-energie.de\/?page_id=266","title":{"rendered":"Emotionscode\u00ae"},"content":{"rendered":"\n<p>Der Volksmund wei\u00df, dass sich Emotionen auch k\u00f6rperlich ausdr\u00fccken k\u00f6nnen: &#8222;Etwas geht mir an die Nieren&#8220;, &#8222;Das tut mir im Herzen weh&#8220;, &#8222;Das macht mir Kopfschmerzen&#8220;. Unverarbeitete Emotionen k\u00f6nnen sich im K\u00f6rper festsetzen und zu seelischen und k\u00f6rperlichen Beschwerden beitragen. Der Emotionscode von<br>Dr. Bradley Nelson ist eine Methode zum auffinden und l\u00f6sen von eingeschlossenen Emotionen.<\/p>\n\n\n\n<p>Vorteile des Emotionscodes:<\/p>\n\n\n\n<ul class=\"wp-block-list\">\n<li>Es ist nicht notwendig die ausl\u00f6senden Ereignisse zu erinnern, um Emotionen zu l\u00f6sen<\/li>\n\n\n\n<li>Fr\u00fchkindliche, pr\u00e4natale und ererbte Emotionen k\u00f6nnen gel\u00f6st werden.<\/li>\n\n\n\n<li>Eine Behandlung kann auch erfolgreich durchgef\u00fchrt werden, wenn der Klient \u00fcber ein sensibles Thema nicht reden m\u00f6chte.<\/li>\n\n\n\n<li>Die Wirkung der L\u00f6sung kann sofort eintreten, auch wenn das ausl\u00f6sende Ereignis lange zur\u00fcck liegt.<\/li>\n\n\n\n<li>Beratungen k\u00f6nnen wirkungsvoll pers\u00f6nlich, online oder telefonisch durchgef\u00fchrt werden.<\/li>\n\n\n\n<li>Haustiere k\u00f6nnen mit dem Emotionscode behandelt werden.<\/li>\n<\/ul>\n","protected":false},"excerpt":{"rendered":"<p>Der Volksmund wei\u00df, dass sich Emotionen auch k\u00f6rperlich ausdr\u00fccken k\u00f6nnen: &#8222;Etwas geht mir an die Nieren&#8220;, &#8222;Das tut mir im Herzen weh&#8220;, &#8222;Das macht mir Kopfschmerzen&#8220;. Unverarbeitete Emotionen k\u00f6nnen sich im K\u00f6rper festsetzen und zu seelischen und k\u00f6rperlichen Beschwerden beitragen. Der Emotionscode vonDr. Bradley Nelson ist eine Methode zum auffinden und l\u00f6sen von eingeschlossenen Emotionen.&hellip;&nbsp;<a href=\"https:\/\/psychische-energie.de\/?page_id=266\" class=\"\" rel=\"bookmark\">Weiterlesen &raquo;<span class=\"screen-reader-text\">Emotionscode\u00ae<\/span><\/a><\/p>\n","protected":false},"author":1,"featured_media":0,"parent":0,"menu_order":0,"comment_status":"closed","ping_status":"closed","template":"","meta":{"neve_meta_sidebar":"","neve_meta_container":"","neve_meta_enable_content_width":"","neve_meta_content_width":0,"neve_meta_title_alignment":"","neve_meta_author_avatar":"","neve_post_elements_order":"","neve_meta_disable_header":"","neve_meta_disable_footer":"","neve_meta_disable_title":"","neve_meta_reading_time":"","_themeisle_gutenberg_block_has_review":false,"_ti_tpc_template_sync":false,"_ti_tpc_template_id":"","footnotes":""},"class_list":["post-266","page","type-page","status-publish","hentry"],"_links":{"self":[{"href":"https:\/\/psychische-energie.de\/index.php?rest_route=\/wp\/v2\/pages\/266","targetHints":{"allow":["GET"]}}],"collection":[{"href":"https:\/\/psychische-energie.de\/index.php?rest_route=\/wp\/v2\/pages"}],"about":[{"href":"https:\/\/psychische-energie.de\/index.php?rest_route=\/wp\/v2\/types\/page"}],"author":[{"embeddable":true,"href":"https:\/\/psychische-energie.de\/index.php?rest_route=\/wp\/v2\/users\/1"}],"replies":[{"embeddable":true,"href":"https:\/\/psychische-energie.de\/index.php?rest_route=%2Fwp%2Fv2%2Fcomments&post=266"}],"version-history":[{"count":3,"href":"https:\/\/psychische-energie.de\/index.php?rest_route=\/wp\/v2\/pages\/266\/revisions"}],"predecessor-version":[{"id":328,"href":"https:\/\/psychische-energie.de\/index.php?rest_route=\/wp\/v2\/pages\/266\/revisions\/328"}],"wp:attachment":[{"href":"https:\/\/psychische-energie.de\/index.php?rest_route=%2Fwp%2Fv2%2Fmedia&parent=266"}],"curies":[{"name":"wp","href":"https:\/\/api.w.org\/{rel}","templated":true}]}}