{"id":305,"date":"2023-07-07T22:54:24","date_gmt":"2023-07-07T20:54:24","guid":{"rendered":"https:\/\/psychische-energie.de\/?page_id=305"},"modified":"2023-08-09T23:22:33","modified_gmt":"2023-08-09T21:22:33","slug":"disclaimer","status":"publish","type":"page","link":"https:\/\/psychische-energie.de\/?page_id=305","title":{"rendered":"Disclaimer"},"content":{"rendered":"\n<p>Mit dem Emotionscode kann Ihnen helfen festsitzende Emotionen, die zu k\u00f6rperlichen oder psychishen Leiden beitragen k\u00f6nnen, zu l\u00f6sen. Mein Beratungsangebot ist kein Ersatz f\u00fcr eine professionelle Behandlung bei ernsten gesundheitlichen Problemen. Bitte suchen Sie bei akuten Beschwerden professionelle Hilfe bei entsprechenden \u00c4rzten oder Therapeuten.<\/p>\n","protected":false},"excerpt":{"rendered":"<p>Mit dem Emotionscode kann Ihnen helfen festsitzende Emotionen, die zu k\u00f6rperlichen oder psychishen Leiden beitragen k\u00f6nnen, zu l\u00f6sen. Mein Beratungsangebot ist kein Ersatz f\u00fcr eine professionelle Behandlung bei ernsten gesundheitlichen Problemen. Bitte suchen Sie bei akuten Beschwerden professionelle Hilfe bei entsprechenden \u00c4rzten oder Therapeuten.<\/p>\n","protected":false},"author":1,"featured_media":0,"parent":0,"menu_order":0,"comment_status":"closed","ping_status":"closed","template":"","meta":{"neve_meta_sidebar":"","neve_meta_container":"","neve_meta_enable_content_width":"","neve_meta_content_width":0,"neve_meta_title_alignment":"","neve_meta_author_avatar":"","neve_post_elements_order":"","neve_meta_disable_header":"","neve_meta_disable_footer":"","neve_meta_disable_title":"","neve_meta_reading_time":"","_themeisle_gutenberg_block_has_review":false,"_ti_tpc_template_sync":false,"_ti_tpc_template_id":"","footnotes":""},"class_list":["post-305","page","type-page","status-publish","hentry"],"_links":{"self":[{"href":"https:\/\/psychische-energie.de\/index.php?rest_route=\/wp\/v2\/pages\/305","targetHints":{"allow":["GET"]}}],"collection":[{"href":"https:\/\/psychische-energie.de\/index.php?rest_route=\/wp\/v2\/pages"}],"about":[{"href":"https:\/\/psychische-energie.de\/index.php?rest_route=\/wp\/v2\/types\/page"}],"author":[{"embeddable":true,"href":"https:\/\/psychische-energie.de\/index.php?rest_route=\/wp\/v2\/users\/1"}],"replies":[{"embeddable":true,"href":"https:\/\/psychische-energie.de\/index.php?rest_route=%2Fwp%2Fv2%2Fcomments&post=305"}],"version-history":[{"count":3,"href":"https:\/\/psychische-energie.de\/index.php?rest_route=\/wp\/v2\/pages\/305\/revisions"}],"predecessor-version":[{"id":324,"href":"https:\/\/psychische-energie.de\/index.php?rest_route=\/wp\/v2\/pages\/305\/revisions\/324"}],"wp:attachment":[{"href":"https:\/\/psychische-energie.de\/index.php?rest_route=%2Fwp%2Fv2%2Fmedia&parent=305"}],"curies":[{"name":"wp","href":"https:\/\/api.w.org\/{rel}","templated":true}]}}